{"id":24971,"date":"2020-06-25T13:35:52","date_gmt":"2020-06-25T10:35:52","guid":{"rendered":"https:\/\/www.varkki.com\/?page_id=24971"},"modified":"2025-07-10T16:50:02","modified_gmt":"2025-07-10T13:50:02","slug":"frontpage","status":"publish","type":"page","link":"https:\/\/www.varkki.com\/en\/","title":{"rendered":"Frontpage"},"content":{"rendered":"<div id=\"pl-24971\"  class=\"panel-layout\" ><div id=\"pg-24971-0\"  class=\"panel-grid panel-has-style\" ><div class=\"hero-section animatedParent animateOnce panel-row-style panel-row-style-for-24971-0\" data-sequence=\"500\" ><div id=\"pgc-24971-0-0\"  class=\"panel-grid-cell\" ><div class=\"animated bounceInLeft hero-col hero-headline panel-cell-style panel-cell-style-for-24971-0-0\" data-id=\"1\" ><div id=\"panel-24971-0-0-0\" class=\"so-panel widget widget_sow-headline panel-first-child panel-last-child\" data-index=\"0\" ><div\n\t\t\t\n\t\t\tclass=\"so-widget-sow-headline so-widget-sow-headline-default-6aef4efcc32c-24971 so-widget-fittext-wrapper\"\n\t\t\t data-fit-text-compressor=\"0.85\"\n\t\t><div class=\"sow-headline-container \">\n\t\t\t\t\t\t\t<h1 class=\"sow-headline\">\n\t\t\t\t\t\tTimeless fashion. Play of details.  Balance.\t\t\t\t\t\t<\/h1>\n\t\t\t\t\t\t<\/div>\n<\/div><\/div><\/div><\/div><div id=\"pgc-24971-0-1\"  class=\"panel-grid-cell\" ><div class=\"hero-col hero-video animated fadeInRight panel-cell-style panel-cell-style-for-24971-0-1\" data-id=\"2\" ><div id=\"panel-24971-0-1-0\" class=\"widget_text so-panel widget widget_custom_html panel-first-child panel-last-child\" data-index=\"1\" ><div class=\"textwidget custom-html-widget\"><a class=\"play-video animated rotateIn delay-250\" data-fancybox href=\"https:\/\/drive.google.com\/file\/d\/1OzhD24fzAJElP_gqL7wOdAqtxfm1aksQ\/view\" data-id=\"3\">\n\t<img decoding=\"async\" src=\"https:\/\/www.varkki.com\/wp-content\/themes\/varkki\/images\/play.svg\" alt=\"Play video\">\n<\/a><\/div><\/div><\/div><\/div><\/div><\/div><div id=\"pg-24971-1\"  class=\"panel-grid panel-has-style\" ><div class=\"collections-section animatedParent animateOnce panel-row-style panel-row-style-for-24971-1\" data-sequence=\"500\" ><div id=\"pgc-24971-1-0\"  class=\"panel-grid-cell\" ><div class=\"animated fadeInLeft panel-cell-style panel-cell-style-for-24971-1-0\" data-id=\"1\" ><div id=\"panel-24971-1-0-0\" class=\"so-panel widget widget_siteorigin-panels-builder panel-first-child panel-last-child\" data-index=\"2\" ><div id=\"pl-w645e57959a9a8\"  class=\"panel-layout\" ><div id=\"pg-w645e57959a9a8-0\"  class=\"panel-grid panel-no-style\" ><div id=\"pgc-w645e57959a9a8-0-0\"  class=\"panel-grid-cell\" ><div id=\"panel-w645e57959a9a8-0-0-0\" class=\"so-panel widget widget_sow-headline panel-first-child\" data-index=\"0\" ><div class=\"section-title panel-widget-style panel-widget-style-for-w645e57959a9a8-0-0-0\" ><div\n\t\t\t\n\t\t\tclass=\"so-widget-sow-headline so-widget-sow-headline-default-6feead9f2639 so-widget-fittext-wrapper\"\n\t\t\t data-fit-text-compressor=\"0.9\"\n\t\t><div class=\"sow-headline-container \">\n\t\t\t\t\t\t\t<h1 class=\"sow-headline\">\n\t\t\t\t\t\tCollections\t\t\t\t\t\t<\/h1>\n\t\t\t\t\t\t<\/div>\n<\/div><\/div><\/div><div id=\"panel-w645e57959a9a8-0-0-1\" class=\"so-panel widget widget_sow-editor panel-last-child\" data-index=\"1\" ><div\n\t\t\t\n\t\t\tclass=\"so-widget-sow-editor so-widget-sow-editor-base\"\n\t\t\t\n\t\t>\n<div class=\"siteorigin-widget-tinymce textwidget\">\n\t<p><b><span lang=\"ET\">VARKKI<\/span><\/b><span lang=\"ET\"> is a sophisticated brand that helps to add a little vanity to our everyday lives.<\/span><\/p>\n<\/div>\n<\/div><\/div><\/div><\/div><\/div><\/div><\/div><\/div><div id=\"pgc-24971-1-1\"  class=\"panel-grid-cell\" ><div class=\"animated fadeIn panel-cell-style panel-cell-style-for-24971-1-1\" data-id=\"2\" ><div id=\"panel-24971-1-1-0\" class=\"widget_text so-panel widget widget_custom_html panel-first-child panel-last-child\" data-index=\"3\" ><div class=\"textwidget custom-html-widget\"><div class=\"latest-collections-container\"><a href=\"https:\/\/www.varkki.com\/en\/kollektsioonid\/collection-nr-17\/\" class=\"latest-collection-wrapper animated flipInY\" data-id=\"3\"><div class=\"latest-collection-image\"><img loading=\"lazy\" decoding=\"async\" width=\"338\" height=\"522\" src=\"https:\/\/varkki.com\/wp-content\/uploads\/2024\/07\/fotograafMariRostfeldt_VARKKI_240612_08-338x522.jpg\" class=\"attachment-latest-collection-image size-latest-collection-image wp-post-image\" alt=\"\" \/><\/div><h3 class=\"latest-collection-title\">COLLECTION NR. 17<\/h3><\/a><a href=\"https:\/\/www.varkki.com\/en\/kollektsioonid\/collection-nr-18-xv-edition\/\" class=\"latest-collection-wrapper animated flipInX\" data-id=\"4\"><div class=\"latest-collection-image\"><img loading=\"lazy\" decoding=\"async\" width=\"338\" height=\"522\" src=\"https:\/\/varkki.com\/wp-content\/uploads\/2019\/11\/MG_4779-338x522.jpg\" class=\"attachment-latest-collection-image size-latest-collection-image wp-post-image\" alt=\"\" \/><\/div><h3 class=\"latest-collection-title\">COLLECTION NO. 18 \/ XV EDITION<\/h3><\/a><\/div><\/div><\/div><\/div><\/div><\/div><\/div><div id=\"pg-24971-2\"  class=\"panel-grid panel-has-style\" ><div class=\"shop-section animatedParent animateOnce panel-row-style panel-row-style-for-24971-2\" data-sequence=\"500\" ><div id=\"pgc-24971-2-0\"  class=\"panel-grid-cell\" ><div class=\"animated fadeInLeft panel-cell-style panel-cell-style-for-24971-2-0\" data-id=\"1\" ><div id=\"panel-24971-2-0-0\" class=\"so-panel widget widget_sow-image panel-first-child panel-last-child\" data-index=\"4\" ><div class=\"shop-section-image panel-widget-style panel-widget-style-for-24971-2-0-0\" ><div\n\t\t\t\n\t\t\tclass=\"so-widget-sow-image so-widget-sow-image-default-e4c2d9f6c920-24971\"\n\t\t\t\n\t\t>\n\n<div class=\"sow-image-container\">\n\t\t<img loading=\"lazy\" decoding=\"async\" src=\"https:\/\/varkki.com\/wp-content\/uploads\/2025\/06\/MG_4223-Edit-450x717.jpg\" width=\"450\" height=\"717\" sizes=\"(max-width: 450px) 100vw, 450px\" title=\"Evoto\" alt=\"\" \t\tclass=\"so-widget-image\"\/>\n\t<\/div>\n\n<\/div><\/div><\/div><\/div><\/div><div id=\"pgc-24971-2-1\"  class=\"panel-grid-cell\" ><div class=\"animated fadeInRight panel-cell-style panel-cell-style-for-24971-2-1\" data-id=\"2\" ><div id=\"panel-24971-2-1-0\" class=\"so-panel widget widget_siteorigin-panels-builder panel-first-child panel-last-child\" data-index=\"5\" ><div id=\"pl-w645e57959af0a\"  class=\"panel-layout\" ><div id=\"pg-w645e57959af0a-0\"  class=\"panel-grid panel-no-style\" ><div id=\"pgc-w645e57959af0a-0-0\"  class=\"panel-grid-cell\" ><div id=\"panel-w645e57959af0a-0-0-0\" class=\"so-panel widget widget_sow-headline panel-first-child\" data-index=\"0\" ><div class=\"section-title panel-widget-style panel-widget-style-for-w645e57959af0a-0-0-0\" ><div\n\t\t\t\n\t\t\tclass=\"so-widget-sow-headline so-widget-sow-headline-default-0e6ffb0a7aa8 so-widget-fittext-wrapper\"\n\t\t\t data-fit-text-compressor=\"0.9\"\n\t\t><div class=\"sow-headline-container \">\n\t\t\t\t\t\t\t<h1 class=\"sow-headline\">\n\t\t\t\t\t\tE-SHOP\t\t\t\t\t\t<\/h1>\n\t\t\t\t\t\t<\/div>\n<\/div><\/div><\/div><div id=\"panel-w645e57959af0a-0-0-1\" class=\"so-panel widget widget_sow-editor panel-last-child\" data-index=\"1\" ><div class=\"panel-widget-style panel-widget-style-for-w645e57959af0a-0-0-1\" ><div\n\t\t\t\n\t\t\tclass=\"so-widget-sow-editor so-widget-sow-editor-base\"\n\t\t\t\n\t\t>\n<div class=\"siteorigin-widget-tinymce textwidget\">\n\t<p>Only a part of the collections is available at VARKKI e-shop. <\/p>\n<p><a href=\"https:\/\/www.varkki.com\/en\/shop\/\">Take a look<\/a><\/p>\n<\/div>\n<\/div><\/div><\/div><\/div><\/div><\/div><\/div><\/div><\/div><\/div><\/div><div id=\"pg-24971-3\"  class=\"panel-grid panel-has-style\" ><div class=\"static-image-section animatedParent animateOnce panel-row-style panel-row-style-for-24971-3\" ><div id=\"pgc-24971-3-0\"  class=\"panel-grid-cell panel-grid-cell-empty\" ><div class=\"animated flipInX panel-cell-style panel-cell-style-for-24971-3-0\" ><\/div><\/div><\/div><\/div><div id=\"pg-24971-4\"  class=\"panel-grid panel-has-style\" ><div class=\"stores-section panel-row-style panel-row-style-for-24971-4\" ><div id=\"pgc-24971-4-0\"  class=\"panel-grid-cell\" ><div id=\"panel-24971-4-0-0\" class=\"so-panel widget widget_sow-headline panel-first-child\" data-index=\"6\" ><div class=\"section-title panel-widget-style panel-widget-style-for-24971-4-0-0\" ><div\n\t\t\t\n\t\t\tclass=\"so-widget-sow-headline so-widget-sow-headline-default-65b9427fc20f-24971 so-widget-fittext-wrapper\"\n\t\t\t data-fit-text-compressor=\"0.85\"\n\t\t><div class=\"sow-headline-container \">\n\t\t\t\t\t\t\t<h1 class=\"sow-headline\">\n\t\t\t\t\t\tStore\t\t\t\t\t\t<\/h1>\n\t\t\t\t\t\t<\/div>\n<\/div><\/div><\/div><div id=\"panel-24971-4-0-1\" class=\"so-panel widget widget_siteorigin-panels-builder panel-last-child\" data-index=\"7\" ><div id=\"pl-w671110d15e174\"  class=\"panel-layout\" ><div id=\"pg-w671110d15e174-0\"  class=\"panel-grid panel-has-style\" ><div class=\"stores-list-wrapper panel-row-style panel-row-style-for-w671110d15e174-0\" ><div id=\"pgc-w671110d15e174-0-0\"  class=\"panel-grid-cell\" ><div id=\"panel-w671110d15e174-0-0-0\" class=\"so-panel widget widget_sow-editor panel-first-child panel-last-child\" data-index=\"0\" ><div\n\t\t\t\n\t\t\tclass=\"so-widget-sow-editor so-widget-sow-editor-base\"\n\t\t\t\n\t\t>\n<div class=\"siteorigin-widget-tinymce textwidget\">\n\t<h4 style=\"text-align: center;\">VARKKI studio<\/h4>\n<p style=\"text-align: center;\"><strong>N\u00f5mme<\/strong><br \/>\nT\u00e4he 23, Tallinn<\/p>\n<p style=\"text-align: center;\">Open by agreement<\/p>\n<p style=\"text-align: center;\">jaana@varkki.com<\/p>\n<p style=\"text-align: center;\">+372 5275735<\/p>\n<\/div>\n<\/div><\/div><\/div><div id=\"pgc-w671110d15e174-0-1\"  class=\"panel-grid-cell\" ><div id=\"panel-w671110d15e174-0-1-0\" class=\"so-panel widget widget_sow-editor panel-first-child panel-last-child\" data-index=\"1\" ><div\n\t\t\t\n\t\t\tclass=\"so-widget-sow-editor so-widget-sow-editor-base\"\n\t\t\t\n\t\t>\n<div class=\"siteorigin-widget-tinymce textwidget\">\n\t<h4 style=\"text-align: center;\">Resellers<\/h4>\n<p style=\"text-align: center;\">\u00a0<strong>EDH<\/strong><br \/>\nEstonia boulevard 9, Tallinn<br \/>\nM-Sat: 10:00 - 21:00<br \/>\nSun: 10-19<\/p>\n<p style=\"text-align: center;\"><strong>AMEE<\/strong><br \/>\nPikk 26, Rakvere<br \/>\nT-F: 10:00 - 18:00<br \/>\nSat: 10:00 - 16:00<\/p>\n<p style=\"text-align: center;\"><strong>Siluett moepood<\/strong><br \/>\nR\u00fc\u00fctli 28, P\u00e4rnu<br \/>\nM-F: 10:00 - 18:00<br \/>\nSat: 10:00 - 16: 00<\/p>\n<p>&nbsp;<\/p>\n<p>&nbsp;<\/p>\n<\/div>\n<\/div><\/div><\/div><\/div><\/div><\/div><\/div><\/div><\/div><\/div><div id=\"pg-24971-5\"  class=\"panel-grid panel-has-style\" ><div class=\"news-section panel-row-style panel-row-style-for-24971-5\" ><div id=\"pgc-24971-5-0\"  class=\"panel-grid-cell\" ><div id=\"panel-24971-5-0-0\" class=\"widget_text so-panel widget widget_custom_html panel-first-child panel-last-child\" data-index=\"8\" ><div class=\"textwidget custom-html-widget\"><div class=\"latest-news-container animatedParent animateOnce\" data-sequence=\"250\"><a href=\"https:\/\/www.varkki.com\/en\/2025\/07\/11\/varkki-is-celebrating-its-15th-anniversary\/\" class=\"latest-news-wrapper animated fadeIn\" data-id=\"0\"><div class=\"latest-news-image\"><img loading=\"lazy\" decoding=\"async\" width=\"600\" height=\"650\" src=\"https:\/\/varkki.com\/wp-content\/uploads\/2019\/11\/MG_4809-600x650.jpg\" class=\"attachment-latest-news-image size-latest-news-image wp-post-image\" alt=\"\" \/><\/div><div class=\"latest-news-cover\"><div class=\"latest-news-cover-inner\"><h3 class=\"latest-news-title\">VARKKI is celebrating its 15th anniversary!<\/h3><div class=\"latest-news-excerpt\">VARKKI is celebrating its 15th anniversary with a unique collection that brings together forms, silhouettes, and cuts from across the brand\u2019s own timeline.<\/div><\/div><\/div><\/a><a href=\"https:\/\/www.varkki.com\/en\/2024\/07\/24\/enjoy-the-freedom-of-feeling-effortless\/\" class=\"latest-news-wrapper animated fadeIn\" data-id=\"1\"><div class=\"latest-news-image\"><img loading=\"lazy\" decoding=\"async\" width=\"600\" height=\"650\" src=\"https:\/\/varkki.com\/wp-content\/uploads\/2020\/06\/fotograafMariRostfeldt_VARKKI_240612_18-600x650.jpg\" class=\"attachment-latest-news-image size-latest-news-image wp-post-image\" alt=\"\" \/><\/div><div class=\"latest-news-cover\"><div class=\"latest-news-cover-inner\"><h3 class=\"latest-news-title\">Enjoy the Freedom of Feeling Effortless<\/h3><div class=\"latest-news-excerpt\">The new\u00a0 Collection \u201c17\u201d is called \u201cEnjoy the Freedom of Feeling Effortless\u201d.<\/div><\/div><\/div><\/a><a href=\"https:\/\/www.varkki.com\/en\/2020\/12\/08\/varkki-studio-moved-to-nomme\/\" class=\"latest-news-wrapper animated fadeIn\" data-id=\"2\"><div class=\"latest-news-image\"><img loading=\"lazy\" decoding=\"async\" width=\"600\" height=\"650\" src=\"https:\/\/varkki.com\/wp-content\/uploads\/2019\/11\/fotograafMariRostfeldt_230419_019-600x650.jpg\" class=\"attachment-latest-news-image size-latest-news-image wp-post-image\" alt=\"\" \/><\/div><div class=\"latest-news-cover\"><div class=\"latest-news-cover-inner\"><h3 class=\"latest-news-title\">VARKKI new Collection &#8220;16&#8221; \/ &#8220;In My Mind&#8230;&#8221;<\/h3><div class=\"latest-news-excerpt\">Welcome to new studio!<\/div><\/div><\/div><\/a><\/div><\/div><\/div><\/div><\/div><\/div><\/div>","protected":false},"excerpt":{"rendered":"<p>Timeless fashion. Play of details. Balance. Collections VARKKI is a sophisticated brand that helps to add a little vanity to our everyday lives. COLLECTION NR. 17COLLECTION NO. 18 \/ XV EDITION E-SHOP Only a part of the collections is available at VARKKI e-shop. Take a look Store VARKKI studio N\u00f5mme T\u00e4he 23, Tallinn Open by [&hellip;]<\/p>\n","protected":false},"author":1,"featured_media":0,"parent":0,"menu_order":0,"comment_status":"closed","ping_status":"closed","template":"","meta":{"_acf_changed":false,"footnotes":""},"class_list":["post-24971","page","type-page","status-publish","hentry"],"acf":[],"_links":{"self":[{"href":"https:\/\/www.varkki.com\/en\/wp-json\/wp\/v2\/pages\/24971"}],"collection":[{"href":"https:\/\/www.varkki.com\/en\/wp-json\/wp\/v2\/pages"}],"about":[{"href":"https:\/\/www.varkki.com\/en\/wp-json\/wp\/v2\/types\/page"}],"author":[{"embeddable":true,"href":"https:\/\/www.varkki.com\/en\/wp-json\/wp\/v2\/users\/1"}],"replies":[{"embeddable":true,"href":"https:\/\/www.varkki.com\/en\/wp-json\/wp\/v2\/comments?post=24971"}],"version-history":[{"count":5,"href":"https:\/\/www.varkki.com\/en\/wp-json\/wp\/v2\/pages\/24971\/revisions"}],"predecessor-version":[{"id":39720,"href":"https:\/\/www.varkki.com\/en\/wp-json\/wp\/v2\/pages\/24971\/revisions\/39720"}],"wp:attachment":[{"href":"https:\/\/www.varkki.com\/en\/wp-json\/wp\/v2\/media?parent=24971"}],"curies":[{"name":"wp","href":"https:\/\/api.w.org\/{rel}","templated":true}]}}