{"id":37298,"date":"2021-01-05T17:18:46","date_gmt":"2021-01-05T14:18:46","guid":{"rendered":"https:\/\/www.varkki.com\/?post_type=product&#038;p=37298"},"modified":"2023-05-16T10:47:01","modified_gmt":"2023-05-16T07:47:01","slug":"unisex-pusa-seattle-erinevad-varvid","status":"publish","type":"product","link":"https:\/\/www.varkki.com\/en\/toode\/unisex-pusa-seattle-erinevad-varvid\/","title":{"rendered":"Unisex pusa Seattle \/ Erinevad v\u00e4rvid"},"content":{"rendered":"<p>Modell on 172cm pikk ja kannab suurust S\/M.<\/p>\n<p>Kangas: 60% Viskoos 35% Pol\u00fcamiid 5% Elastaan<\/p>\n<p>Hooldus: Masinpesu<\/p>\n<p>Mugav igap\u00e4evaselt kantav avaral\u00f5ikeline k\u00e4ngurutaskutega pusa, mis on eest altservast stopperitega reguleeritava all\u00e4\u00e4rega ja tagant pikema seljaosaga. P\u00f5nevaks detailiks on kapuutsi meenutav krae. Seljal kaeluse \u00f5mbluse vahele \u00f5mmeldud pael QR koodiga, mis viitab VARKKI kodulehele.<\/p>\n<p>&nbsp;<\/p>\n<p>&nbsp;<\/p>\n","protected":false},"excerpt":{"rendered":"<p>Mine kuhu tahad!<\/p>\n","protected":false},"featured_media":37021,"comment_status":"closed","ping_status":"closed","template":"","meta":{"_acf_changed":false},"product_cat":[24],"product_tag":[143,142,156,91,329,110,328],"class_list":{"0":"post-37298","1":"product","2":"type-product","3":"status-publish","4":"has-post-thumbnail","6":"product_cat-t-sargid-pusad","7":"product_tag-casual","8":"product_tag-igapaev","9":"product_tag-mugav","10":"product_tag-pusa","11":"product_tag-taskutega-varkki-pusa","12":"product_tag-varkki","13":"product_tag-varkki-pusa","15":"first","16":"instock","17":"shipping-taxable","18":"purchasable","19":"product-type-variable","20":"has-default-attributes"},"acf":[],"_links":{"self":[{"href":"https:\/\/www.varkki.com\/en\/wp-json\/wp\/v2\/product\/37298"}],"collection":[{"href":"https:\/\/www.varkki.com\/en\/wp-json\/wp\/v2\/product"}],"about":[{"href":"https:\/\/www.varkki.com\/en\/wp-json\/wp\/v2\/types\/product"}],"replies":[{"embeddable":true,"href":"https:\/\/www.varkki.com\/en\/wp-json\/wp\/v2\/comments?post=37298"}],"wp:featuredmedia":[{"embeddable":true,"href":"https:\/\/www.varkki.com\/en\/wp-json\/wp\/v2\/media\/37021"}],"wp:attachment":[{"href":"https:\/\/www.varkki.com\/en\/wp-json\/wp\/v2\/media?parent=37298"}],"wp:term":[{"taxonomy":"product_cat","embeddable":true,"href":"https:\/\/www.varkki.com\/en\/wp-json\/wp\/v2\/product_cat?post=37298"},{"taxonomy":"product_tag","embeddable":true,"href":"https:\/\/www.varkki.com\/en\/wp-json\/wp\/v2\/product_tag?post=37298"}],"curies":[{"name":"wp","href":"https:\/\/api.w.org\/{rel}","templated":true}]}}