{"id":654,"date":"2019-08-28T20:26:04","date_gmt":"2019-08-28T17:26:04","guid":{"rendered":"https:\/\/www.varkki.com\/?post_type=product&#038;p=654"},"modified":"2022-09-13T21:45:44","modified_gmt":"2022-09-13T18:45:44","slug":"t-sark-ring-2","status":"publish","type":"product","link":"https:\/\/www.varkki.com\/en\/toode\/t-sark-ring-2\/","title":{"rendered":"T-s\u00e4rk Ring \/ Tumehall"},"content":{"rendered":"<p>T-s\u00e4rk mudel Ring on tehtud puuvilla pol\u00fcamiidi segu kangast.\u00a0 T-s\u00e4rgil on erinevates keeltes s\u00f5num&#8221;Kuhu sul kiiret&#8221; p\u00f6\u00f6ramiseks t\u00e4helepanu meile k\u00f5igile v\u00e4ga olulisele- ajale. Nii, et v\u00f5ta rahulikult!<\/p>\n<p>Modell on 172cm pikk ja kannab suurust S.<\/p>\n<p>V\u00e4rv: tumehall<\/p>\n<p>Materjal: 50% orgaaniline puuvill 50% pol\u00fcamiid<\/p>\n<div class=\"woocommerce-product-details__short-description\">\n<p>Hooldus: 40c masinpesu<\/p>\n<\/div>\n","protected":false},"excerpt":{"rendered":"<p>Kuhu sul kiiret?<\/p>\n","protected":false},"featured_media":653,"comment_status":"closed","ping_status":"closed","template":"","meta":{"_acf_changed":false},"product_cat":[24],"product_tag":[65,94,106,63,120],"class_list":{"0":"post-654","1":"product","2":"type-product","3":"status-publish","4":"has-post-thumbnail","6":"product_cat-t-sargid-pusad","7":"product_tag-graafika","8":"product_tag-hall","9":"product_tag-kuhu-sul-kiiret","10":"product_tag-luhike-varrukas","11":"product_tag-tumehall","13":"first","14":"outofstock","15":"shipping-taxable","16":"purchasable","17":"product-type-variable"},"acf":[],"_links":{"self":[{"href":"https:\/\/www.varkki.com\/en\/wp-json\/wp\/v2\/product\/654"}],"collection":[{"href":"https:\/\/www.varkki.com\/en\/wp-json\/wp\/v2\/product"}],"about":[{"href":"https:\/\/www.varkki.com\/en\/wp-json\/wp\/v2\/types\/product"}],"replies":[{"embeddable":true,"href":"https:\/\/www.varkki.com\/en\/wp-json\/wp\/v2\/comments?post=654"}],"wp:featuredmedia":[{"embeddable":true,"href":"https:\/\/www.varkki.com\/en\/wp-json\/wp\/v2\/media\/653"}],"wp:attachment":[{"href":"https:\/\/www.varkki.com\/en\/wp-json\/wp\/v2\/media?parent=654"}],"wp:term":[{"taxonomy":"product_cat","embeddable":true,"href":"https:\/\/www.varkki.com\/en\/wp-json\/wp\/v2\/product_cat?post=654"},{"taxonomy":"product_tag","embeddable":true,"href":"https:\/\/www.varkki.com\/en\/wp-json\/wp\/v2\/product_tag?post=654"}],"curies":[{"name":"wp","href":"https:\/\/api.w.org\/{rel}","templated":true}]}}